{"id":543,"date":"2024-11-15T10:27:09","date_gmt":"2024-11-15T10:27:09","guid":{"rendered":"https:\/\/www.queennailstudio.fr\/?page_id=543"},"modified":"2024-11-22T19:26:46","modified_gmt":"2024-11-22T19:26:46","slug":"beaute-des-pieds-fauteuil-massant-foot-massage-gommage-modelage-masque-paraffine-et-pierre-chaude-creme-pieds-doux-vernis-semi-permanent","status":"publish","type":"page","link":"https:\/\/www.queennailstudio.fr\/?page_id=543","title":{"rendered":"Beaut\u00e9 des pieds + fauteuil massant + Foot massage (Gommage + Modelage +Masque + Paraffine et pierre chaude + cr\u00e8me pieds doux + vernis semi permanent"},"content":{"rendered":"<h2>R\u00e9server : Beaut\u00e9 des pieds + fauteuil massant +Massage de pieds  <br \/> (Gommage + Modelage +Masque + Paraffine et pierre chaude + cr\u00e8me pieds doux + vernis semi permanent )<\/br><\/h2>\n\n<script>\n  if (typeof hasAmeliaEntitiesApiCall === 'undefined' && '' === '') {\n    var hasAmeliaEntitiesApiCall = true;\n  }\n  var ameliaShortcodeData = (typeof ameliaShortcodeData === 'undefined') ? [] : ameliaShortcodeData;\n  ameliaShortcodeData.push(\n    {\n      'hasApiCall': (typeof hasAmeliaEntitiesApiCall !== 'undefined') && hasAmeliaEntitiesApiCall,\n      'trigger': '',\n      'trigger_type': '',\n      'triggered_form': 'sbsNew',\n      'in_dialog': '',\n      'show': '',\n      'counter': '1000',\n      'category': '',\n      'service': '17',\n      'employee': '',\n      'location': '',\n      'package': ''\n    }\n  );\n\n  var ameliaShortcodeDataTriggered = (typeof ameliaShortcodeDataTriggered === 'undefined') ? [] : ameliaShortcodeDataTriggered;\n  if (ameliaShortcodeData[ameliaShortcodeData.length - 1].trigger !== '') {\n    if (ameliaShortcodeDataTriggered.filter(a => a.counter === ameliaShortcodeData[ameliaShortcodeData.length - 1].counter).length === 0) {\n      ameliaShortcodeDataTriggered.push(ameliaShortcodeData.pop());\n    } else {\n      ameliaShortcodeData.pop()\n    }\n  }\n  if (typeof hasAmeliaEntitiesApiCall !== 'undefined' && hasAmeliaEntitiesApiCall) {\n    hasAmeliaEntitiesApiCall = false;\n  }\n<\/script>\n\n<div\n  id=\"amelia-v2-booking-1000\"\n  class=\"amelia-v2-booking\"\n >\n    <step-form-wrapper><\/step-form-wrapper><\/div>\n\n","protected":false},"excerpt":{"rendered":"<p>R\u00e9server : Beaut\u00e9 des pieds + fauteuil massant +Massage de pieds (Gommage + Modelage +Masque + Paraffine et pierre chaude + cr\u00e8me pieds doux + vernis semi permanent )<\/p>\n","protected":false},"author":1,"featured_media":0,"parent":0,"menu_order":0,"comment_status":"closed","ping_status":"closed","template":"","meta":{"footnotes":""},"class_list":["post-543","page","type-page","status-publish","hentry"],"_links":{"self":[{"href":"https:\/\/www.queennailstudio.fr\/index.php?rest_route=\/wp\/v2\/pages\/543","targetHints":{"allow":["GET"]}}],"collection":[{"href":"https:\/\/www.queennailstudio.fr\/index.php?rest_route=\/wp\/v2\/pages"}],"about":[{"href":"https:\/\/www.queennailstudio.fr\/index.php?rest_route=\/wp\/v2\/types\/page"}],"author":[{"embeddable":true,"href":"https:\/\/www.queennailstudio.fr\/index.php?rest_route=\/wp\/v2\/users\/1"}],"replies":[{"embeddable":true,"href":"https:\/\/www.queennailstudio.fr\/index.php?rest_route=%2Fwp%2Fv2%2Fcomments&post=543"}],"version-history":[{"count":6,"href":"https:\/\/www.queennailstudio.fr\/index.php?rest_route=\/wp\/v2\/pages\/543\/revisions"}],"predecessor-version":[{"id":1053,"href":"https:\/\/www.queennailstudio.fr\/index.php?rest_route=\/wp\/v2\/pages\/543\/revisions\/1053"}],"wp:attachment":[{"href":"https:\/\/www.queennailstudio.fr\/index.php?rest_route=%2Fwp%2Fv2%2Fmedia&parent=543"}],"curies":[{"name":"wp","href":"https:\/\/api.w.org\/{rel}","templated":true}]}}