{"id":497,"date":"2024-11-15T09:49:09","date_gmt":"2024-11-15T09:49:09","guid":{"rendered":"https:\/\/www.queennailstudio.fr\/?page_id=497"},"modified":"2025-01-18T08:54:10","modified_gmt":"2025-01-18T08:54:10","slug":"onglerie2","status":"publish","type":"page","link":"https:\/\/www.queennailstudio.fr\/?page_id=497","title":{"rendered":"Onglerie mains"},"content":{"rendered":"<h2>Nos soins pour les ongles de main (R\u00e9sine ou Gel UV)<\/h2>\n<h4>D\u00e9pose vernis semi permanent  (15min) <\/h4>\n<h4>10\u20ac<\/h4>\n<p>\t\t\t\t\t<a href=\"https:\/\/www.queennailstudio.fr\/?page_id=278\"><br \/>\n\t\t\t\t\t\t\t\t\tR\u00e9server<br \/>\n\t\t\t\t\t<\/a><\/p>\n<h4>D\u00e9pose de r\u00e9sine  (15min) <\/h4>\n<h4>15\u20ac<\/h4>\n<p>\t\t\t\t\t<a href=\"https:\/\/www.queennailstudio.fr\/?page_id=347\"><br \/>\n\t\t\t\t\t\t\t\t\tR\u00e9server<br \/>\n\t\t\t\t\t<\/a><\/p>\n<h4>Beaut\u00e9 des mains sans vernis (25min) <\/h4>\n<h4>19\u20ac<\/h4>\n<p>\t\t\t\t\t<a href=\"https:\/\/www.queennailstudio.fr\/?page_id=354\"><br \/>\n\t\t\t\t\t\t\t\t\tR\u00e9server<br \/>\n\t\t\t\t\t<\/a><\/p>\n<h4>Pose de vernis normal (25min) <\/h4>\n<h4>25\u20ac<\/h4>\n<p>\t\t\t\t\t<a href=\"https:\/\/www.queennailstudio.fr\/?page_id=1066\"><br \/>\n\t\t\t\t\t\t\t\t\tR\u00e9server<br \/>\n\t\t\t\t\t<\/a><\/p>\n<h4>Manucure + pose de vernis normal (25min) <\/h4>\n<h4>35\u20ac<\/h4>\n<p>\t\t\t\t\t<a href=\"https:\/\/www.queennailstudio.fr\/?page_id=1070\"><br \/>\n\t\t\t\t\t\t\t\t\tR\u00e9server<br \/>\n\t\t\t\t\t<\/a><\/p>\n<h4>Beaut\u00e9 des mains avec vernis  semi permanent (45min)  <\/h4>\n<h4>39\u20ac<\/h4>\n<p>\t\t\t\t\t<a href=\"https:\/\/www.queennailstudio.fr\/?page_id=358\"><br \/>\n\t\t\t\t\t\t\t\t\tR\u00e9server<br \/>\n\t\t\t\t\t<\/a><\/p>\n<h4>Pose vernis semi permanent  (35min) <\/h4>\n<h4>31\u20ac<\/h4>\n<p>\t\t\t\t\t<a href=\"https:\/\/www.queennailstudio.fr\/?page_id=362\"><br \/>\n\t\t\t\t\t\t\t\t\tR\u00e9server<br \/>\n\t\t\t\t\t<\/a><\/p>\n<h4>Pose vernis semi permanent  + FRENCH (50min)  <\/h4>\n<h4>36\u20ac<\/h4>\n<p>\t\t\t\t\t<a href=\"https:\/\/www.queennailstudio.fr\/?page_id=369\"><br \/>\n\t\t\t\t\t\t\t\t\tR\u00e9server<br \/>\n\t\t\t\t\t<\/a><\/p>\n<h4>Pose compl\u00e8te avec capsule (1h)<\/h4>\n<h4>49\u20ac<\/h4>\n<p>\t\t\t\t\t<a href=\"https:\/\/www.queennailstudio.fr\/?page_id=1132\"><br \/>\n\t\t\t\t\t\t\t\t\tR\u00e9server<br \/>\n\t\t\t\t\t<\/a><\/p>\n<h4>Pose compl\u00e8te avec capsule + FRENCH\/ BABYBOOMER  (1h15min) <\/h4>\n<h4>59\u20ac<\/h4>\n<p>\t\t\t\t\t<a href=\"https:\/\/www.queennailstudio.fr\/?page_id=316\"><br \/>\n\t\t\t\t\t\t\t\t\tR\u00e9server<br \/>\n\t\t\t\t\t<\/a><\/p>\n<h4>Remplissage (1h)<\/h4>\n<h4>44\u20ac<\/h4>\n<p>\t\t\t\t\t<a href=\"https:\/\/www.queennailstudio.fr\/?page_id=385\"><br \/>\n\t\t\t\t\t\t\t\t\tR\u00e9server<br \/>\n\t\t\t\t\t<\/a><\/p>\n<h4>Remplissage + FRENCH\/BABYBOOMER (1h)<\/h4>\n<h4>49\u20ac<\/h4>\n<p>\t\t\t\t\t<a href=\"https:\/\/www.queennailstudio.fr\/?page_id=389\"><br \/>\n\t\t\t\t\t\t\t\t\tR\u00e9server<br \/>\n\t\t\t\t\t<\/a><\/p>\n<h4>D\u00e9coration<\/h4>\n<h4>entre 1 et 10\u20ac<\/h4>\n<p>\t\t\t\t\t<a href=\"https:\/\/www.queennailstudio.fr\/?page_id=393\"><br \/>\n\t\t\t\t\t\t\t\t\tR\u00e9server<br \/>\n\t\t\t\t\t<\/a><\/p>\n<h2>FORFAIT BEAUTE DES MAINS ET BEAUTE DES PIEDS <\/h2>\n<h4>Beaut\u00e9 Pieds et Mains sans vernis (45min)<\/h4>\n<h4>48\u20ac<\/h4>\n<p>\t\t\t\t\t<a href=\"https:\/\/www.queennailstudio.fr\/?page_id=560\"><br \/>\n\t\t\t\t\t\t\t\t\tR\u00e9server<br \/>\n\t\t\t\t\t<\/a><\/p>\n<h4>Beaut\u00e9 Pieds et Mains avec vernis semi-permanent (1h30)<\/h4>\n<h4>79\u20ac<\/h4>\n<p>\t\t\t\t\t<a href=\"#\"><br \/>\n\t\t\t\t\t\t\t\t\tR\u00e9server<br \/>\n\t\t\t\t\t<\/a><\/p>\n","protected":false},"excerpt":{"rendered":"<p>Nos soins pour les ongles de main (R\u00e9sine ou Gel UV) D\u00e9pose vernis semi permanent (15min) 10\u20ac R\u00e9server D\u00e9pose de r\u00e9sine (15min) 15\u20ac R\u00e9server Beaut\u00e9 des mains sans vernis (25min) 19\u20ac R\u00e9server Pose de vernis normal (25min) 25\u20ac R\u00e9server Manucure + pose de vernis normal (25min) 35\u20ac R\u00e9server Beaut\u00e9 des mains avec vernis semi permanent [&hellip;]<\/p>\n","protected":false},"author":1,"featured_media":0,"parent":0,"menu_order":0,"comment_status":"closed","ping_status":"closed","template":"","meta":{"footnotes":""},"class_list":["post-497","page","type-page","status-publish","hentry"],"_links":{"self":[{"href":"https:\/\/www.queennailstudio.fr\/index.php?rest_route=\/wp\/v2\/pages\/497","targetHints":{"allow":["GET"]}}],"collection":[{"href":"https:\/\/www.queennailstudio.fr\/index.php?rest_route=\/wp\/v2\/pages"}],"about":[{"href":"https:\/\/www.queennailstudio.fr\/index.php?rest_route=\/wp\/v2\/types\/page"}],"author":[{"embeddable":true,"href":"https:\/\/www.queennailstudio.fr\/index.php?rest_route=\/wp\/v2\/users\/1"}],"replies":[{"embeddable":true,"href":"https:\/\/www.queennailstudio.fr\/index.php?rest_route=%2Fwp%2Fv2%2Fcomments&post=497"}],"version-history":[{"count":25,"href":"https:\/\/www.queennailstudio.fr\/index.php?rest_route=\/wp\/v2\/pages\/497\/revisions"}],"predecessor-version":[{"id":1507,"href":"https:\/\/www.queennailstudio.fr\/index.php?rest_route=\/wp\/v2\/pages\/497\/revisions\/1507"}],"wp:attachment":[{"href":"https:\/\/www.queennailstudio.fr\/index.php?rest_route=%2Fwp%2Fv2%2Fmedia&parent=497"}],"curies":[{"name":"wp","href":"https:\/\/api.w.org\/{rel}","templated":true}]}}