{"id":1147,"date":"2024-12-02T16:19:34","date_gmt":"2024-12-02T16:19:34","guid":{"rendered":"https:\/\/www.queennailstudio.fr\/?page_id=1147"},"modified":"2025-01-18T09:04:13","modified_gmt":"2025-01-18T09:04:13","slug":"extension-cils-sourcils","status":"publish","type":"page","link":"https:\/\/www.queennailstudio.fr\/?page_id=1147","title":{"rendered":"EXTENSION CILS\/SOURCILS"},"content":{"rendered":"<h2>EXTENSION DE CILS <\/h2>\n<h4>Pose volume naturel <\/h4>\n<h4>70\u20ac<\/h4>\n<p>\t\t\t\t\t<a href=\"https:\/\/www.queennailstudio.fr\/?page_id=1154\"><br \/>\n\t\t\t\t\t\t\t\t\tR\u00e9server<br \/>\n\t\t\t\t\t<\/a><\/p>\n<h4>Pose volume russe normal  <\/h4>\n<h4>79\u20ac<\/h4>\n<p>\t\t\t\t\t<a href=\"https:\/\/www.queennailstudio.fr\/?page_id=1161\"><br \/>\n\t\t\t\t\t\t\t\t\tR\u00e9server<br \/>\n\t\t\t\t\t<\/a><\/p>\n<h4>Comblage \u00e0 2 semaines <\/h4>\n<h4>49\u20ac<\/h4>\n<p>\t\t\t\t\t<a href=\"https:\/\/www.queennailstudio.fr\/?page_id=1168\"><br \/>\n\t\t\t\t\t\t\t\t\tR\u00e9server<br \/>\n\t\t\t\t\t<\/a><\/p>\n<h4>Comblage \u00e0 3 semaines <\/h4>\n<h4>59\u20ac<\/h4>\n<p>\t\t\t\t\t<a href=\"https:\/\/www.queennailstudio.fr\/?page_id=1178\"><br \/>\n\t\t\t\t\t\t\t\t\tR\u00e9server<br \/>\n\t\t\t\t\t<\/a><\/p>\n<h4>Comblage \u00e0 4 semaines <\/h4>\n<h4>69\u20ac<\/h4>\n<p>\t\t\t\t\t<a href=\"https:\/\/www.queennailstudio.fr\/?page_id=1185\"><br \/>\n\t\t\t\t\t\t\t\t\tR\u00e9server<br \/>\n\t\t\t\t\t<\/a><\/p>\n<h4>D\u00e9pose extension de cils <\/h4>\n<h4>19\u20ac<\/h4>\n<p>\t\t\t\t\t<a href=\"https:\/\/www.queennailstudio.fr\/?page_id=1192\"><br \/>\n\t\t\t\t\t\t\t\t\tR\u00e9server<br \/>\n\t\t\t\t\t<\/a><\/p>\n<h4>Pose m\u00e9ga volume russe <\/h4>\n<h4>99\u20ac<\/h4>\n<p>\t\t\t\t\t<a href=\"https:\/\/www.queennailstudio.fr\/?page_id=1199\"><br \/>\n\t\t\t\t\t\t\t\t\tR\u00e9server<br \/>\n\t\t\t\t\t<\/a><\/p>\n<h4>Comblage m\u00e9ga volume russe \u00e0 2 semaines <\/h4>\n<h4>59\u20ac<\/h4>\n<p>\t\t\t\t\t<a href=\"https:\/\/www.queennailstudio.fr\/?page_id=1206\"><br \/>\n\t\t\t\t\t\t\t\t\tR\u00e9server<br \/>\n\t\t\t\t\t<\/a><\/p>\n<h4>Comblage m\u00e9ga volume russe \u00e0 3 semaines <\/h4>\n<h4>69\u20ac<\/h4>\n<p>\t\t\t\t\t<a href=\"https:\/\/www.queennailstudio.fr\/?page_id=1213\"><br \/>\n\t\t\t\t\t\t\t\t\tR\u00e9server<br \/>\n\t\t\t\t\t<\/a><\/p>\n<h4>Comblage m\u00e9ga volume russe \u00e0 4 semaines <\/h4>\n<h4>79\u20ac<\/h4>\n<p>\t\t\t\t\t<a href=\"https:\/\/www.queennailstudio.fr\/?page_id=1220\"><br \/>\n\t\t\t\t\t\t\t\t\tR\u00e9server<br \/>\n\t\t\t\t\t<\/a><\/p>\n<h4>Rehaussement des cils <\/h4>\n<h4>39\u20ac<\/h4>\n<p>\t\t\t\t\t<a href=\"https:\/\/www.queennailstudio.fr\/?page_id=1227\"><br \/>\n\t\t\t\t\t\t\t\t\tR\u00e9server<br \/>\n\t\t\t\t\t<\/a><\/p>\n<h2>SOURCILS<\/h2>\n<h4><a href=\"https:\/\/www.queennailstudio.fr\/?page_id=1237\">Rehaussement des sourcils <\/a><\/h4>\n<h4>40\u20ac<\/h4>\n<p>\t\t\t\t\t<a href=\"https:\/\/www.queennailstudio.fr\/?page_id=1237\"><br \/>\n\t\t\t\t\t\t\t\t\tR\u00e9server<br \/>\n\t\t\t\t\t<\/a><\/p>\n<h4>Teinture\/ Epilation des sourcils <\/h4>\n<h4>25\u20ac<\/h4>\n<p>\t\t\t\t\t<a href=\"https:\/\/www.queennailstudio.fr\/?page_id=1244\"><br \/>\n\t\t\t\t\t\t\t\t\tR\u00e9server<br \/>\n\t\t\t\t\t<\/a><\/p>\n","protected":false},"excerpt":{"rendered":"<p>EXTENSION DE CILS Pose volume naturel 70\u20ac R\u00e9server Pose volume russe normal 79\u20ac R\u00e9server Comblage \u00e0 2 semaines 49\u20ac R\u00e9server Comblage \u00e0 3 semaines 59\u20ac R\u00e9server Comblage \u00e0 4 semaines 69\u20ac R\u00e9server D\u00e9pose extension de cils 19\u20ac R\u00e9server Pose m\u00e9ga volume russe 99\u20ac R\u00e9server Comblage m\u00e9ga volume russe \u00e0 2 semaines 59\u20ac R\u00e9server Comblage m\u00e9ga [&hellip;]<\/p>\n","protected":false},"author":1,"featured_media":0,"parent":0,"menu_order":0,"comment_status":"closed","ping_status":"closed","template":"","meta":{"footnotes":""},"class_list":["post-1147","page","type-page","status-publish","hentry"],"_links":{"self":[{"href":"https:\/\/www.queennailstudio.fr\/index.php?rest_route=\/wp\/v2\/pages\/1147","targetHints":{"allow":["GET"]}}],"collection":[{"href":"https:\/\/www.queennailstudio.fr\/index.php?rest_route=\/wp\/v2\/pages"}],"about":[{"href":"https:\/\/www.queennailstudio.fr\/index.php?rest_route=\/wp\/v2\/types\/page"}],"author":[{"embeddable":true,"href":"https:\/\/www.queennailstudio.fr\/index.php?rest_route=\/wp\/v2\/users\/1"}],"replies":[{"embeddable":true,"href":"https:\/\/www.queennailstudio.fr\/index.php?rest_route=%2Fwp%2Fv2%2Fcomments&post=1147"}],"version-history":[{"count":25,"href":"https:\/\/www.queennailstudio.fr\/index.php?rest_route=\/wp\/v2\/pages\/1147\/revisions"}],"predecessor-version":[{"id":1513,"href":"https:\/\/www.queennailstudio.fr\/index.php?rest_route=\/wp\/v2\/pages\/1147\/revisions\/1513"}],"wp:attachment":[{"href":"https:\/\/www.queennailstudio.fr\/index.php?rest_route=%2Fwp%2Fv2%2Fmedia&parent=1147"}],"curies":[{"name":"wp","href":"https:\/\/api.w.org\/{rel}","templated":true}]}}